{"id":81,"date":"2016-10-24T16:17:31","date_gmt":"2016-10-24T14:17:31","guid":{"rendered":"http:\/\/alt.jbc-hasselfelde.de\/?page_id=81"},"modified":"2026-03-30T15:07:30","modified_gmt":"2026-03-30T13:07:30","slug":"der-vorstand","status":"publish","type":"page","link":"https:\/\/alt.jbc-hasselfelde.de\/?page_id=81","title":{"rendered":"Der Vorstand"},"content":{"rendered":"<table style=\"width: 561px;\">\n<tbody>\n<tr style=\"height: 46px;\">\n<td style=\"width: 96px; height: 46px;\"><span style=\"font-size: 14pt;\"><strong><span style=\"font-family: arial, helvetica, sans-serif;\">JBC-Hasselfelde<br \/>\nzu Kiel e.V.<\/span><\/strong><\/span><\/td>\n<td style=\"width: 200px; vertical-align: middle; height: 46px;\"><span style=\"font-size: 14pt;\"><span style=\"font-family: arial, helvetica, sans-serif;\"><a href=\"mailto:info@jbc-hasselfelde.de?Subject=Vorstand%20JBC\">info@jbc-hasselfelde.de<\/a><\/span><\/span><\/td>\n<\/tr>\n<tr style=\"height: 18px;\">\n<td style=\"width: 96px; height: 18px;\"><\/td>\n<td style=\"width: 200px; height: 18px;\"><span style=\"font-size: 14pt;\">\u00a0<\/span><\/td>\n<\/tr>\n<tr style=\"height: 23px;\">\n<td style=\"width: 96px; height: 23px;\"><strong><span style=\"font-family: arial, helvetica, sans-serif;\"><span style=\"font-size: 14pt;\"><em>1. Vorsitzender<\/em><\/span><\/span><\/strong><\/td>\n<td style=\"width: 200px; vertical-align: middle; height: 23px;\"><span style=\"font-family: arial, helvetica, sans-serif; font-size: 14pt;\"><strong>Jan-Claas Tattje<\/strong><\/span><\/td>\n<\/tr>\n<tr style=\"height: 23px;\">\n<td style=\"width: 96px; height: 23px;\"><span style=\"font-size: 14pt; font-family: arial, helvetica, sans-serif;\">E-Mail:<\/span><\/td>\n<td style=\"width: 200px; vertical-align: middle; height: 23px;\"><span style=\"font-size: 14pt; font-family: arial, helvetica, sans-serif;\"><a href=\"mailto:vorsitz1@jbc-hasselfelde.de?Subject=1.Vorsitzender%20JBC\">vorsitz1@jbc-hasselfelde.de<\/a><\/span><\/td>\n<\/tr>\n<tr style=\"height: 23px;\">\n<td style=\"width: 96px; height: 23px;\"><span style=\"font-family: arial, helvetica, sans-serif;\"><strong><span style=\"font-size: 14pt;\"><em>2. Vorsitzender<\/em><\/span><\/strong><\/span><\/td>\n<td style=\"width: 200px; vertical-align: middle; height: 23px;\"><span style=\"font-family: arial, helvetica, sans-serif; font-size: 14pt;\"><strong><span id=\"page3R_mcid14\" class=\"markedContent\"><span dir=\"ltr\" role=\"presentation\">Maximilian Hermsen<\/span><\/span><\/strong><\/span><\/td>\n<\/tr>\n<tr style=\"height: 23px;\">\n<td style=\"width: 96px; height: 23px;\"><span style=\"font-size: 14pt; font-family: arial, helvetica, sans-serif;\">E-Mail:<\/span><\/td>\n<td style=\"width: 200px; vertical-align: middle; height: 23px;\"><span style=\"font-size: 14pt; font-family: arial, helvetica, sans-serif;\"><a href=\"mailto:vorsitz2@jbc-hasselfelde.de?Subject=2.Vorsitzender%20JBC\">vorsitz2@jbc-hasselfelde.de<\/a><\/span><\/td>\n<\/tr>\n<tr style=\"height: 23px;\">\n<td style=\"width: 96px; height: 23px;\"><span style=\"font-family: arial, helvetica, sans-serif;\"><strong><span style=\"font-size: 14pt;\"><em>Kassenwart<\/em><\/span><\/strong><\/span><\/td>\n<td style=\"width: 200px; vertical-align: middle; height: 23px;\"><span style=\"font-size: 14pt; font-family: arial, helvetica, sans-serif;\"><strong>Rolf Rohde<\/strong><\/span><\/td>\n<\/tr>\n<tr style=\"height: 23px;\">\n<td style=\"width: 96px; height: 23px;\"><span style=\"font-size: 14pt; font-family: arial, helvetica, sans-serif;\">E-Mail:<\/span><\/td>\n<td style=\"width: 200px; vertical-align: middle; height: 23px;\"><span style=\"font-size: 14pt; font-family: arial, helvetica, sans-serif;\"><a href=\"mailto:kasse@jbc-hasselfelde.de?Subject=Kasse%20JBC\">kasse@jbc-hasselfelde.de<\/a><\/span><\/td>\n<\/tr>\n<tr style=\"height: 23px;\">\n<td style=\"width: 96px; height: 23px;\"><strong><span style=\"font-size: 14pt; font-family: arial, helvetica, sans-serif;\"><em>Platzwart<\/em><\/span><\/strong><\/td>\n<td style=\"width: 200px; height: 23px;\"><span style=\"font-family: arial, helvetica, sans-serif;\"><strong><span style=\"font-size: 14pt;\">Klaus-J\u00fcrgen Boll<\/span><\/strong><\/span><\/td>\n<\/tr>\n<tr>\n<td style=\"width: 96px;\"><span style=\"font-size: 14pt; font-family: arial, helvetica, sans-serif;\">E-Mail:<\/span><\/td>\n<td style=\"width: 200px; vertical-align: middle;\"><span style=\"font-size: 14pt; font-family: arial, helvetica, sans-serif;\"><a href=\"mailto:platzwart@jbc-hasselfelde.de?Subject=Platzwart%20JBC\">platzwart@jbc-hasselfelde.de<\/a><\/span><\/td>\n<\/tr>\n<tr style=\"height: 23px;\">\n<td style=\"width: 96px; height: 23px;\"><strong><span style=\"font-size: 14pt; font-family: arial, helvetica, sans-serif;\"><em>Kontakt Gastsch\u00fctzen<\/em><\/span><\/strong><\/td>\n<td style=\"width: 200px; vertical-align: middle; height: 23px;\"><span style=\"font-family: arial, helvetica, sans-serif;\"><strong><span style=\"font-size: 14pt;\">Klaus-J\u00fcrgen Boll<\/span><\/strong><\/span><\/td>\n<\/tr>\n<tr style=\"height: 23px;\">\n<td style=\"width: 96px; height: 23px;\"><span style=\"font-family: arial, helvetica, sans-serif; font-size: 14pt;\">E-Mail:<\/span><\/td>\n<td style=\"width: 200px; height: 23px;\"><span style=\"font-size: 14pt; font-family: arial, helvetica, sans-serif;\"><a href=\"mailto:gastschuetze@jbc-hasselfelde.de?Subject=Gastschuetze%20JBC\">gastschuetze@jbc-hasselfelde.de<\/a><\/span><\/td>\n<\/tr>\n<tr style=\"height: 23px;\">\n<td style=\"width: 96px; height: 23px;\"><strong><span style=\"font-size: 14pt; font-family: arial, helvetica, sans-serif;\"><em>Texte &amp;\u00a0Inhalte<br \/>\nWebmaster<\/em><\/span><\/strong><\/td>\n<td style=\"width: 200px; vertical-align: middle; height: 23px;\"><span style=\"font-size: 14pt; font-family: arial, helvetica, sans-serif;\"><strong>J\u00f6rg Lindenberg<\/strong><\/span><\/td>\n<\/tr>\n<tr style=\"height: 23px;\">\n<td style=\"width: 96px; height: 23px;\"><span style=\"font-size: 14pt; font-family: arial, helvetica, sans-serif;\">E-Mail:<\/span><\/td>\n<td style=\"width: 200px; vertical-align: middle; height: 23px;\"><span style=\"font-size: 14pt; font-family: arial, helvetica, sans-serif;\"><a href=\"mailto:redaktion@jbc-hasselfelde.de?Subject=Redaktion%20JBC\">redaktion@jbc-hasselfelde.de<\/a><\/span><\/td>\n<\/tr>\n<tr style=\"height: 23px;\">\n<td style=\"width: 96px; height: 23px;\"><span style=\"font-family: arial, helvetica, sans-serif;\"><span style=\"font-size: 18.6667px;\"><b><i>Technik<\/i><\/b><\/span><\/span><\/td>\n<td style=\"width: 200px; vertical-align: middle; height: 23px;\"><span style=\"font-family: arial, helvetica, sans-serif;\"><strong><span style=\"font-size: 14pt;\">Mathias Grimm<\/span><\/strong><\/span><\/td>\n<\/tr>\n<tr style=\"height: 23px;\">\n<td style=\"width: 96px; height: 23px;\"><span style=\"font-family: arial, helvetica, sans-serif;\"><span style=\"font-size: 14pt;\">E-Mail:<\/span><\/span><\/td>\n<td style=\"width: 200px; height: 23px;\"><span style=\"font-size: 14pt; font-family: arial, helvetica, sans-serif;\"><a href=\"mailto:technik@jbc-hasselfelde.de?subject=Webmaster%20JBC\">technik@jbc-hasselfelde.de<\/a><\/span><\/td>\n<\/tr>\n<\/tbody>\n<\/table>\n","protected":false},"excerpt":{"rendered":"<p>JBC-Hasselfelde zu Kiel e.V. info@jbc-hasselfelde.de \u00a0 1. Vorsitzender Jan-Claas Tattje E-Mail: vorsitz1@jbc-hasselfelde.de 2. Vorsitzender Maximilian Hermsen E-Mail: vorsitz2@jbc-hasselfelde.de Kassenwart Rolf Rohde E-Mail: kasse@jbc-hasselfelde.de Platzwart Klaus-J\u00fcrgen Boll E-Mail: platzwart@jbc-hasselfelde.de Kontakt Gastsch\u00fctzen Klaus-J\u00fcrgen Boll E-Mail: gastschuetze@jbc-hasselfelde.de Texte &amp;\u00a0Inhalte Webmaster J\u00f6rg Lindenberg E-Mail: redaktion@jbc-hasselfelde.de Technik Mathias Grimm E-Mail: technik@jbc-hasselfelde.de<\/p>\n","protected":false},"author":2,"featured_media":0,"parent":0,"menu_order":0,"comment_status":"closed","ping_status":"closed","template":"","meta":{"footnotes":""},"class_list":["post-81","page","type-page","status-publish","hentry"],"_links":{"self":[{"href":"https:\/\/alt.jbc-hasselfelde.de\/index.php?rest_route=\/wp\/v2\/pages\/81","targetHints":{"allow":["GET"]}}],"collection":[{"href":"https:\/\/alt.jbc-hasselfelde.de\/index.php?rest_route=\/wp\/v2\/pages"}],"about":[{"href":"https:\/\/alt.jbc-hasselfelde.de\/index.php?rest_route=\/wp\/v2\/types\/page"}],"author":[{"embeddable":true,"href":"https:\/\/alt.jbc-hasselfelde.de\/index.php?rest_route=\/wp\/v2\/users\/2"}],"replies":[{"embeddable":true,"href":"https:\/\/alt.jbc-hasselfelde.de\/index.php?rest_route=%2Fwp%2Fv2%2Fcomments&post=81"}],"version-history":[{"count":17,"href":"https:\/\/alt.jbc-hasselfelde.de\/index.php?rest_route=\/wp\/v2\/pages\/81\/revisions"}],"predecessor-version":[{"id":2072,"href":"https:\/\/alt.jbc-hasselfelde.de\/index.php?rest_route=\/wp\/v2\/pages\/81\/revisions\/2072"}],"wp:attachment":[{"href":"https:\/\/alt.jbc-hasselfelde.de\/index.php?rest_route=%2Fwp%2Fv2%2Fmedia&parent=81"}],"curies":[{"name":"wp","href":"https:\/\/api.w.org\/{rel}","templated":true}]}}