{"id":74,"date":"2016-10-24T16:07:57","date_gmt":"2016-10-24T14:07:57","guid":{"rendered":"http:\/\/alt.jbc-hasselfelde.de\/?page_id=74"},"modified":"2019-10-04T18:26:33","modified_gmt":"2019-10-04T16:26:33","slug":"impressum","status":"publish","type":"page","link":"https:\/\/alt.jbc-hasselfelde.de\/?page_id=74","title":{"rendered":"Impressum"},"content":{"rendered":"<table style=\"width: 95%;\" border=\"1\">\n<tbody>\n<tr>\n<td style=\"width: 100%;\"><strong><span style=\"font-size: 14pt; font-family: arial, helvetica, sans-serif;\">\u00a0Angaben gem\u00e4\u00df \u00a7 5 TMG:<\/span><\/strong><\/td>\n<\/tr>\n<tr>\n<td style=\"width: 100%;\"><span style=\"font-size: 14pt; font-family: arial, helvetica, sans-serif;\"><strong>Vereinsanschrift:<\/strong><\/span><br \/>\n<span style=\"font-size: 14pt; font-family: arial, helvetica, sans-serif;\">JBC Hasselfelde e.V.<\/span><br \/>\n<span style=\"font-size: 14pt; font-family: arial, helvetica, sans-serif;\"> Kassenwart<\/span><br \/>\n<span style=\"font-size: 14pt; font-family: arial, helvetica, sans-serif;\"> Rolf Rohde<\/span><br \/>\n<span style=\"font-size: 14pt; font-family: arial, helvetica, sans-serif;\"> Salzredder 14<\/span><br \/>\n<span style=\"font-size: 14pt; font-family: arial, helvetica, sans-serif;\"> 24149 Kiel<\/span><br \/>\n<span style=\"font-size: 14pt; font-family: arial, helvetica, sans-serif;\"> Telefon:\u00a0<\/span><br \/>\n<span style=\"font-size: 14pt; font-family: arial, helvetica, sans-serif;\"><a href=\"mailto:info@jbc-hasselfelde.de?Subject=Impressum%20JBC\">info@jbc-hasselfelde.de<\/a><\/span><br \/>\n<span style=\"font-size: 14pt; font-family: arial, helvetica, sans-serif;\"> Vereinsregister Schleswig-Holstein<\/span><br \/>\n<span style=\"font-size: 14pt; font-family: arial, helvetica, sans-serif;\"> Amtsgericht Kiel VR 3763 KI<\/span><\/td>\n<\/tr>\n<tr>\n<td style=\"width: 100%;\"><\/td>\n<\/tr>\n<tr>\n<td style=\"width: 100%;\"><span style=\"font-size: 14pt; font-family: arial, helvetica, sans-serif;\"><strong>Bankverbindung<\/strong><\/span><\/td>\n<\/tr>\n<tr>\n<td style=\"width: 100%;\">\n<div><span style=\"font-size: 14pt; font-family: arial, helvetica, sans-serif;\"><strong>JBC Hasselfelde e.V.<\/strong><\/span><\/div>\n<div><span style=\"font-size: 14pt; font-family: arial, helvetica, sans-serif;\"><strong>Commerzbank Kiel<\/strong><\/span><br \/>\n<span style=\"font-size: 14pt; font-family: arial, helvetica, sans-serif;\"> <strong>IBAN:<\/strong> DE45\u00a0 2104\u00a0 0010\u00a0 0770\u00a0 8159 00<\/span><br \/>\n<span style=\"font-size: 14pt; font-family: arial, helvetica, sans-serif;\"> <strong>BIC:<\/strong>\u00a0 COBADEFFXXX<\/span><\/div>\n<\/td>\n<\/tr>\n<tr>\n<td style=\"width: 100%;\"><\/td>\n<\/tr>\n<tr>\n<td style=\"width: 100%;\"><span style=\"font-size: 14pt; font-family: arial, helvetica, sans-serif;\">Verantwortlich f\u00fcr Bilder und Texte ist J\u00f6rg Lindenberg<\/span><br \/>\n<span style=\"font-size: 14pt; font-family: arial, helvetica, sans-serif;\"> E-Mail: <a href=\"mailto:redaktion@jbc-hasselfelde.de?Subject=Redaktion%20JBC\">redaktion@jbc-hasselfelde.de<\/a><\/span><\/td>\n<\/tr>\n<tr>\n<td style=\"width: 100%;\"><\/td>\n<\/tr>\n<tr>\n<td style=\"width: 100%;\">\n<h2>Streitschlichtung<\/h2>\n<p>Wir nehmen nicht an Streitbeilegungsverfahren vor einer Verbraucherschlichtungsstelle teil.<\/p>\n<h2>Haftung f\u00fcr Inhalte<\/h2>\n<p>Als Diensteanbieter sind wir gem\u00e4\u00df \u00a7 7 Abs.1 TMG f\u00fcr eigene Inhalte auf diesen Seiten nach den allgemeinen Gesetzen verantwortlich. Nach \u00a7\u00a7 8 bis 10 TMG sind wir als Diensteanbieter jedoch nicht verpflichtet, \u00fcbermittelte oder gespeicherte fremde Informationen zu \u00fcberwachen oder nach Umst\u00e4nden zu forschen, die auf eine rechtswidrige T\u00e4tigkeit hinweisen.<\/p>\n<p>Verpflichtungen zur Entfernung oder Sperrung der Nutzung von Informationen nach den allgemeinen Gesetzen bleiben hiervon unber\u00fchrt. Eine diesbez\u00fcgliche Haftung ist jedoch erst ab dem Zeitpunkt der Kenntnis einer konkreten Rechtsverletzung m\u00f6glich. Bei Bekanntwerden von entsprechenden Rechtsverletzungen werden wir diese Inhalte umgehend entfernen.<\/p>\n<h2>Haftung f\u00fcr Links<\/h2>\n<p>Unser Angebot enth\u00e4lt Links zu externen Webseiten Dritter, auf deren Inhalte wir keinen Einfluss haben. Deshalb k\u00f6nnen wir f\u00fcr diese fremden Inhalte auch keine Gew\u00e4hr \u00fcbernehmen. F\u00fcr die Inhalte der verlinkten Seiten ist stets der jeweilige Anbieter oder Betreiber der Seiten verantwortlich. Die verlinkten Seiten wurden zum Zeitpunkt der Verlinkung auf m\u00f6gliche Rechtsverst\u00f6\u00dfe \u00fcberpr\u00fcft. Rechtswidrige Inhalte waren zum Zeitpunkt der Verlinkung nicht erkennbar.<\/p>\n<p>Eine permanente inhaltliche Kontrolle der verlinkten Seiten ist jedoch ohne konkrete Anhaltspunkte einer Rechtsverletzung nicht zumutbar. Bei<br \/>\nBekanntwerden von Rechtsverletzungen werden wir derartige Links umgehend entfernen.<\/p>\n<h2>Urheberrecht<\/h2>\n<p>Die durch die Seitenbetreiber erstellten Inhalte und Werke auf diesen Seiten unterliegen dem deutschen Urheberrecht. Die Vervielf\u00e4ltigung, Bearbeitung, Verbreitung und jede Art der Verwertung au\u00dferhalb der Grenzen des Urheberrechtes bed\u00fcrfen der schriftlichen Zustimmung des jeweiligen Autors bzw. Erstellers. Downloads und Kopien dieser Seite sind nur f\u00fcr den privaten, nicht kommerziellen Gebrauch gestattet.<\/p>\n<p>Soweit die Inhalte auf dieser Seite nicht vom Betreiber erstellt wurden, werden die Urheberrechte Dritter beachtet. Insbesondere werden Inhalte Dritter als solche gekennzeichnet. Sollten Sie trotzdem auf eine Urheberrechtsverletzung aufmerksam werden, bitten wir um einen entsprechenden Hinweis. Bei Bekanntwerden von Rechtsverletzungen werden wir derartige Inhalte umgehend entfernen.<\/p>\n<p>Quelle: <a href=\"https:\/\/www.e-recht24.de\" target=\"_blank\" rel=\"noopener\"> eRecht24<\/a><\/td>\n<\/tr>\n<\/tbody>\n<\/table>\n","protected":false},"excerpt":{"rendered":"<p>\u00a0Angaben gem\u00e4\u00df \u00a7 5 TMG: Vereinsanschrift: JBC Hasselfelde e.V. Kassenwart Rolf Rohde Salzredder 14 24149 Kiel Telefon:\u00a0 info@jbc-hasselfelde.de Vereinsregister Schleswig-Holstein Amtsgericht Kiel VR 3763 KI Bankverbindung JBC Hasselfelde e.V. Commerzbank Kiel IBAN: DE45\u00a0 2104\u00a0 0010\u00a0 0770\u00a0 8159 00 BIC:\u00a0 COBADEFFXXX Verantwortlich f\u00fcr Bilder und Texte ist J\u00f6rg Lindenberg E-Mail: redaktion@jbc-hasselfelde.de Streitschlichtung Wir nehmen nicht an &hellip; <a href=\"https:\/\/alt.jbc-hasselfelde.de\/?page_id=74\" class=\"more-link\"><span class=\"screen-reader-text\">Impressum<\/span> weiterlesen <span class=\"meta-nav\">&rarr;<\/span><\/a><\/p>\n","protected":false},"author":2,"featured_media":0,"parent":0,"menu_order":0,"comment_status":"closed","ping_status":"closed","template":"","meta":{"footnotes":""},"class_list":["post-74","page","type-page","status-publish","hentry"],"_links":{"self":[{"href":"https:\/\/alt.jbc-hasselfelde.de\/index.php?rest_route=\/wp\/v2\/pages\/74","targetHints":{"allow":["GET"]}}],"collection":[{"href":"https:\/\/alt.jbc-hasselfelde.de\/index.php?rest_route=\/wp\/v2\/pages"}],"about":[{"href":"https:\/\/alt.jbc-hasselfelde.de\/index.php?rest_route=\/wp\/v2\/types\/page"}],"author":[{"embeddable":true,"href":"https:\/\/alt.jbc-hasselfelde.de\/index.php?rest_route=\/wp\/v2\/users\/2"}],"replies":[{"embeddable":true,"href":"https:\/\/alt.jbc-hasselfelde.de\/index.php?rest_route=%2Fwp%2Fv2%2Fcomments&post=74"}],"version-history":[{"count":3,"href":"https:\/\/alt.jbc-hasselfelde.de\/index.php?rest_route=\/wp\/v2\/pages\/74\/revisions"}],"predecessor-version":[{"id":1499,"href":"https:\/\/alt.jbc-hasselfelde.de\/index.php?rest_route=\/wp\/v2\/pages\/74\/revisions\/1499"}],"wp:attachment":[{"href":"https:\/\/alt.jbc-hasselfelde.de\/index.php?rest_route=%2Fwp%2Fv2%2Fmedia&parent=74"}],"curies":[{"name":"wp","href":"https:\/\/api.w.org\/{rel}","templated":true}]}}