{"id":614,"date":"2016-11-28T18:28:36","date_gmt":"2016-11-28T17:28:36","guid":{"rendered":"http:\/\/alt.jbc-hasselfelde.de\/?page_id=614"},"modified":"2020-05-12T11:44:21","modified_gmt":"2020-05-12T09:44:21","slug":"bogensportvereine","status":"publish","type":"page","link":"https:\/\/alt.jbc-hasselfelde.de\/?page_id=614","title":{"rendered":"Vereine"},"content":{"rendered":"<p>&nbsp;<\/p>\n<table style=\"width: 100%; height: 530px;\">\n<tbody>\n<tr style=\"height: 22px;\">\n<td style=\"text-align: center; vertical-align: middle; height: 22px;\"><a href=\"http:\/\/www.3d-jagd.de\/\" target=\"_blank\" rel=\"noopener\"><img loading=\"lazy\" decoding=\"async\" class=\"alignnone size-full wp-image-737\" src=\"https:\/\/alt.jbc-hasselfelde.de\/wp-content\/dokumente\/logos\/3d-jagd.png\" alt=\"\" width=\"223\" height=\"132\" \/><\/a><\/td>\n<td style=\"vertical-align: middle; text-align: left; height: 22px;\"><span style=\"font-family: arial, helvetica, sans-serif;\"><strong><span style=\"font-size: 14pt;\"><span style=\"font-family: arial,helvetica,sans-serif; font-size: 14pt;\"><a title=\"zur 3D-Jagd Homepage\" href=\"http:\/\/www.3D-Jagd.de\" target=\"_blank\" rel=\"noopener noreferrer\">3D-Jagd.de<br \/>\n<\/a><a title=\"zur 3D-Jagd Homepage\" href=\"http:\/\/www.3D-Jagd.at\" target=\"_blank\" rel=\"noopener noreferrer\">3D-Jagd.at<\/a><\/span><br \/>\n<a href=\"mailto:Turnierkalender@3D-Jagd.de\" target=\"_blank\" rel=\"noopener noreferrer\">Turnierkalender@3D-Jagd.de<\/a><\/span><\/strong><\/span><\/td>\n<\/tr>\n<tr style=\"height: 22px;\">\n<td style=\"text-align: center; vertical-align: middle; height: 22px;\"><a href=\"http:\/\/www.altm\u00fchl-bogensport.de\/\" target=\"_blank\" rel=\"noopener\"><img loading=\"lazy\" decoding=\"async\" class=\" wp-image-751\" src=\"https:\/\/alt.jbc-hasselfelde.de\/wp-content\/dokumente\/logos\/abs.png\" alt=\"\" width=\"97\" height=\"141\" \/><\/a><\/td>\n<td style=\"vertical-align: middle; text-align: left; height: 22px;\"><span style=\"font-family: arial, helvetica, sans-serif;\"><a href=\"http:\/\/www.altm\u00fchl-bogensport.de\" target=\"_blank\" rel=\"noopener\"><strong><span style=\"font-size: 14pt;\">Altm\u00fchl Bogensport<\/span><\/strong><\/a><\/span><\/td>\n<\/tr>\n<tr style=\"height: 22px;\">\n<td style=\"text-align: center; vertical-align: middle; height: 22px;\"><\/td>\n<td style=\"vertical-align: middle; text-align: left; height: 22px;\"><span style=\"font-family: arial, helvetica, sans-serif;\"><a href=\"http:\/\/www.ac-nuebbel.de\/\" target=\"_blank\" rel=\"noopener\"><strong><span style=\"font-size: 14pt;\">Archers-Club N\u00fcbbel<\/span><\/strong><\/a><\/span><\/td>\n<\/tr>\n<tr style=\"height: 22px;\">\n<td style=\"text-align: center; vertical-align: middle; height: 90px;\"><a href=\"http:\/\/www.bogenundmeer.de\" target=\"_blank\" rel=\"noopener\"><img loading=\"lazy\" decoding=\"async\" class=\"aligncenter wp-image-638\" src=\"https:\/\/alt.jbc-hasselfelde.de\/wp-content\/dokumente\/logos\/bum.png\" alt=\"bum_logo\" width=\"326\" height=\"80\" \/><\/a><\/td>\n<td style=\"vertical-align: middle; text-align: left; height: 90px;\"><span style=\"font-family: arial, helvetica, sans-serif;\"><strong><span style=\"font-size: 14pt;\"><a href=\"http:\/\/www.bogenundmeer.de\" target=\"_blank\" rel=\"noopener\">Bogen und Meer<\/a><\/span><\/strong><\/span><\/td>\n<\/tr>\n<tr style=\"height: 22px;\">\n<td style=\"text-align: center; vertical-align: middle; height: 22px;\"><a href=\"http:\/\/www.bogenfreunde-wuldor.de\/\" target=\"_blank\" rel=\"noopener\"><img loading=\"lazy\" decoding=\"async\" class=\"alignnone wp-image-952\" src=\"https:\/\/alt.jbc-hasselfelde.de\/wp-content\/dokumente\/logos\/bf_wuldor.png\" alt=\"\" width=\"119\" height=\"151\" \/><\/a><\/td>\n<td style=\"vertical-align: middle; text-align: left; height: 22px;\"><strong><span style=\"font-family: arial, helvetica, sans-serif; font-size: 14pt;\"><a href=\"http:\/\/www.bogenfreunde-wuldor.de\/\" target=\"_blank\" rel=\"noopener\">Bogenfreunde Wuldor e.V.<\/a><\/span><\/strong><\/td>\n<\/tr>\n<tr style=\"height: 22px;\">\n<td style=\"text-align: center; vertical-align: middle; height: 22px;\"><a href=\"http:\/\/www.bsc-tiwaz.de\/\" target=\"_blank\" rel=\"noopener\"><img loading=\"lazy\" decoding=\"async\" class=\"alignnone wp-image-684\" src=\"https:\/\/alt.jbc-hasselfelde.de\/wp-content\/dokumente\/logos\/tiwaz.png\" alt=\"\" width=\"179\" height=\"175\" \/><\/a><\/td>\n<td style=\"vertical-align: middle; text-align: left; height: 22px;\"><a href=\"http:\/\/www.bsc-tiwaz.de\/\" target=\"_blank\" rel=\"noopener\"><strong><span style=\"font-size: 14pt; font-family: arial, helvetica, sans-serif;\">BSC Tiwaz Mittelholstein<\/span><\/strong><\/a><\/td>\n<\/tr>\n<tr style=\"height: 22px;\">\n<td style=\"text-align: center; vertical-align: middle; height: 22px;\"><\/td>\n<td style=\"vertical-align: middle; text-align: left; height: 22px;\"><strong><span style=\"font-size: 14pt; font-family: arial, helvetica, sans-serif;\"><a href=\"http:\/\/www.bogensport-delmenhorst.de\/\" target=\"_blank\" rel=\"noopener\">Delmenhorst e.V.<\/a><\/span><\/strong><\/td>\n<\/tr>\n<tr style=\"height: 22px;\">\n<td style=\"text-align: center; vertical-align: middle; height: 22px;\"><\/td>\n<td style=\"vertical-align: middle; text-align: left; height: 22px;\"><\/td>\n<\/tr>\n<tr style=\"height: 22px;\">\n<td style=\"text-align: center; vertical-align: middle; height: 22px;\"><a href=\"http:\/\/www.hamburger-bogenschuetzen-gilde.de\/\" target=\"_blank\" rel=\"noopener\"><img loading=\"lazy\" decoding=\"async\" class=\"alignnone size-full wp-image-684\" src=\"https:\/\/alt.jbc-hasselfelde.de\/wp-content\/dokumente\/logos\/hbg.png\" alt=\"\" width=\"150\" height=\"150\" \/><\/a><\/td>\n<td style=\"vertical-align: middle; text-align: left; height: 22px;\"><a href=\"http:\/\/www.hamburger-bogenschuetzen-gilde.de\" target=\"_blank\" rel=\"noopener\"><strong><span style=\"font-size: 14pt; font-family: arial, helvetica, sans-serif;\">Hamburger Bogensch\u00fctzen Gilde<\/span><\/strong><\/a><\/td>\n<\/tr>\n<tr style=\"height: 22px;\">\n<td style=\"text-align: center; vertical-align: middle; height: 22px;\"><\/td>\n<td style=\"vertical-align: middle; text-align: left; height: 22px;\"><a href=\"http:\/\/www.idstedter-bogensportler.de\/\" target=\"_blank\" rel=\"noopener\"><strong><span style=\"font-size: 14pt; font-family: arial, helvetica, sans-serif;\">Idstedter Bogensportler<\/span><\/strong><\/a><\/td>\n<\/tr>\n<tr style=\"height: 22px;\">\n<td style=\"text-align: center; vertical-align: middle; height: 22px;\"><\/td>\n<td style=\"vertical-align: middle; text-align: left; height: 22px;\"><\/td>\n<\/tr>\n<tr style=\"height: 22px;\">\n<td style=\"text-align: center; vertical-align: middle; height: 22px;\"><\/td>\n<td style=\"vertical-align: middle; text-align: left; height: 22px;\"><strong><span style=\"font-size: 14pt; font-family: arial, helvetica, sans-serif;\"><a href=\"http:\/\/www.scw-bogenschiessen.de\" target=\"_blank\" rel=\"noopener\">SC Wietzenbruch<\/a><\/span><\/strong><\/td>\n<\/tr>\n<tr style=\"height: 22px;\">\n<td style=\"text-align: center; vertical-align: middle; height: 22px;\"><a href=\"http:\/\/stapelholmer-sg-bogensport.de.tl\/\" target=\"_blank\" rel=\"noopener\"><img loading=\"lazy\" decoding=\"async\" class=\"alignnone size-full wp-image-684\" src=\"https:\/\/alt.jbc-hasselfelde.de\/wp-content\/dokumente\/logos\/shsg.png\" alt=\"\" width=\"150\" height=\"150\" \/><\/a><\/td>\n<td style=\"vertical-align: middle; text-align: left; height: 22px;\"><strong><span style=\"font-size: 14pt; font-family: arial, helvetica, sans-serif;\"><a href=\"http:\/\/stapelholmer-sg-bogensport.de.tl\/\" target=\"_blank\" rel=\"noopener\">Stapelholmer SG Bogensport<\/a><\/span><\/strong><\/td>\n<\/tr>\n<tr style=\"height: 22px;\">\n<td style=\"text-align: center; vertical-align: middle; height: 22px;\"><\/td>\n<td style=\"vertical-align: middle; text-align: left; height: 22px;\"><\/td>\n<\/tr>\n<tr style=\"height: 22px;\">\n<td style=\"text-align: center; vertical-align: middle; height: 22px;\"><\/td>\n<td style=\"vertical-align: middle; text-align: left; height: 22px;\"><span style=\"font-size: 14pt; font-family: arial, helvetica, sans-serif;\"><strong><a href=\"http:\/\/www.sv-dallgow.de\" target=\"_blank\" rel=\"noopener\">SV Dallgow 47 e.V.<\/a><\/strong><\/span><\/td>\n<\/tr>\n<tr style=\"height: 22px;\">\n<td style=\"text-align: center; vertical-align: middle; height: 22px;\"><\/td>\n<td style=\"vertical-align: middle; text-align: left; height: 22px;\"><a href=\"http:\/\/sv-felm.de\/?page_id=111\" target=\"_blank\" rel=\"noopener\"><strong><span style=\"font-family: arial, helvetica, sans-serif; font-size: 14pt;\">SV Felm e.V.<\/span><\/strong><\/a><\/td>\n<\/tr>\n<tr style=\"height: 22px;\">\n<td style=\"text-align: center; vertical-align: middle; height: 22px;\"><\/td>\n<td style=\"vertical-align: middle; text-align: left; height: 22px;\"><a href=\"http:\/\/www.svkochendorf.com\/sparten\/bogensport\/\" target=\"_blank\" rel=\"noopener\"><strong><span style=\"font-family: arial, helvetica, sans-serif; font-size: 14pt;\">SV Kochendorf e.V.<\/span><\/strong><\/a><\/td>\n<\/tr>\n<tr style=\"height: 22px;\">\n<td style=\"text-align: center; vertical-align: middle; height: 22px;\"><\/td>\n<td style=\"vertical-align: middle; text-align: left; height: 22px;\"><a href=\"http:\/\/svm-bogensch\u00fctzen.de\" target=\"_blank\" rel=\"noopener\"><strong><span style=\"font-family: arial, helvetica, sans-serif; font-size: 14pt;\">SV M\u00f6nkeberg e.V.<\/span><\/strong><\/a><\/td>\n<\/tr>\n<tr style=\"height: 22px;\">\n<td style=\"text-align: center; vertical-align: middle; height: 22px;\"><\/td>\n<td style=\"vertical-align: middle; text-align: left; height: 22px;\"><a href=\"http:\/\/www.tsvdg3d.de\/\" target=\"_blank\" rel=\"noopener\"><strong><span style=\"font-family: arial, helvetica, sans-serif; font-size: 14pt;\">TSV DG Holsteinische Schweiz Traditionell<\/span><\/strong><\/a><\/td>\n<\/tr>\n<tr style=\"height: 22px;\">\n<td style=\"text-align: center; vertical-align: middle; height: 22px;\"><\/td>\n<td style=\"vertical-align: middle; text-align: left; height: 22px;\"><\/td>\n<\/tr>\n<tr style=\"height: 22px;\">\n<td style=\"text-align: center; vertical-align: middle; height: 22px;\"><\/td>\n<td style=\"vertical-align: middle; text-align: left; height: 22px;\"><strong><span style=\"font-family: arial, helvetica, sans-serif; font-size: 14pt;\"><a href=\"http:\/\/sv-hu.de\/bogenschiessen\/\" target=\"_blank\" rel=\"noopener\">Ulzburg Archers<\/a><\/span><\/strong><\/td>\n<\/tr>\n<\/tbody>\n<\/table>\n<p>&nbsp;<\/p>\n","protected":false},"excerpt":{"rendered":"<p>&nbsp; 3D-Jagd.de 3D-Jagd.at Turnierkalender@3D-Jagd.de Altm\u00fchl Bogensport Archers-Club N\u00fcbbel Bogen und Meer Bogenfreunde Wuldor e.V. BSC Tiwaz Mittelholstein Delmenhorst e.V. Hamburger Bogensch\u00fctzen Gilde Idstedter Bogensportler SC Wietzenbruch Stapelholmer SG Bogensport SV Dallgow 47 e.V. SV Felm e.V. SV Kochendorf e.V. SV M\u00f6nkeberg e.V. TSV DG Holsteinische Schweiz Traditionell Ulzburg Archers &nbsp;<\/p>\n","protected":false},"author":2,"featured_media":0,"parent":0,"menu_order":0,"comment_status":"closed","ping_status":"closed","template":"","meta":{"footnotes":""},"class_list":["post-614","page","type-page","status-publish","hentry"],"_links":{"self":[{"href":"https:\/\/alt.jbc-hasselfelde.de\/index.php?rest_route=\/wp\/v2\/pages\/614","targetHints":{"allow":["GET"]}}],"collection":[{"href":"https:\/\/alt.jbc-hasselfelde.de\/index.php?rest_route=\/wp\/v2\/pages"}],"about":[{"href":"https:\/\/alt.jbc-hasselfelde.de\/index.php?rest_route=\/wp\/v2\/types\/page"}],"author":[{"embeddable":true,"href":"https:\/\/alt.jbc-hasselfelde.de\/index.php?rest_route=\/wp\/v2\/users\/2"}],"replies":[{"embeddable":true,"href":"https:\/\/alt.jbc-hasselfelde.de\/index.php?rest_route=%2Fwp%2Fv2%2Fcomments&post=614"}],"version-history":[{"count":5,"href":"https:\/\/alt.jbc-hasselfelde.de\/index.php?rest_route=\/wp\/v2\/pages\/614\/revisions"}],"predecessor-version":[{"id":1519,"href":"https:\/\/alt.jbc-hasselfelde.de\/index.php?rest_route=\/wp\/v2\/pages\/614\/revisions\/1519"}],"wp:attachment":[{"href":"https:\/\/alt.jbc-hasselfelde.de\/index.php?rest_route=%2Fwp%2Fv2%2Fmedia&parent=614"}],"curies":[{"name":"wp","href":"https:\/\/api.w.org\/{rel}","templated":true}]}}