{"id":309,"date":"2016-10-29T15:48:42","date_gmt":"2016-10-29T13:48:42","guid":{"rendered":"http:\/\/alt.jbc-hasselfelde.de\/?page_id=309"},"modified":"2016-11-23T10:48:53","modified_gmt":"2016-11-23T09:48:53","slug":"standhoehe-des-bogens","status":"publish","type":"page","link":"https:\/\/alt.jbc-hasselfelde.de\/?page_id=309","title":{"rendered":"Standh\u00f6he des Bogens"},"content":{"rendered":"<p><span style=\"font-size: 18pt;\"><strong><span style=\"font-family: arial,helvetica,sans-serif;\">Was versteht man darunter?<\/span><\/strong><\/span><\/p>\n<p><span style=\"font-size: 14pt;\"><span style=\"font-family: arial,helvetica,sans-serif;\">Unter Standh\u00f6he versteht man den Abstand der Sehne zum Bogen. Man macht eine Faust und legt diese an die Innenseite des Handgriffes. Den Daumen streckt man dabei nach oben weg. Nun sollte der Daumen die Sehne ber\u00fchren.<\/span><\/span><\/p>\n<p><span style=\"font-size: 14pt;\"><span style=\"font-family: arial,helvetica,sans-serif;\">Die richtige Standh\u00f6he des Bogens ist nicht nur f\u00fcr die Lebensdauer des Bogens von Bedeutung. Sie wirkt sich auch auf das Abschussger\u00e4usch und den Pfeilflug aus.<\/span><\/span><\/p>\n<p><span style=\"font-size: 14pt;\"><span style=\"font-family: arial,helvetica,sans-serif;\">Ist der Abstand zwischen Sehne und Bogen zu klein, schl\u00e4gt der Pfeil beim Abschuss seitlich an den Bogen, oder gegen den Armschutz, was Abschussenergie kostet. Schmerzhaft ist es auch, wenn der Bogen ins Handgelenk schl\u00e4gt. Oft ger\u00e4t der Pfeil auch ins trudeln und verfehlt sein Ziel.<\/span><\/span><\/p>\n<p><span style=\"font-size: 14pt;\"><span style=\"font-family: arial,helvetica,sans-serif;\">Im schlimmsten Fall kann sogar der Bogen brechen.<\/span><\/span><br \/>\n<span style=\"font-size: 14pt;\"> <span style=\"font-family: arial,helvetica,sans-serif;\"> Je niedriger der Bogen gespannt ist, desto gr\u00f6\u00dfer ist die Energie, die auf den Pfeil einwirkt. Das hat zur Folge, dass er sensibler auf Verrei\u00dfen reagiert und der Bogen dadurch Schaden nehmen kann. <\/span><\/span><span style=\"font-size: 14pt;\"><span style=\"font-family: arial,helvetica,sans-serif;\">Ist die Standh\u00f6he einmal richtig eingestellt, erlangt man einen sauberen Pfeilflug und schont damit seinen Bogen!!!<\/span><\/span><\/p>\n<p><span style=\"font-size: 14pt; font-family: arial,helvetica,sans-serif;\">Kleiner Tip: Hat man den Bogen entspannt, sollte man mit einem Lederriemen, einem Gummiband oder einem einfachen Band die Bogensehne am Bogen so festbinden, da\u00df sie sich weder verdrehen noch hinabrutschen kann.<\/span><\/p>\n<p><span style=\"font-size: 14pt; font-family: arial,helvetica,sans-serif;\">Zur eigenen Sicherheit sollte man vor jedem Schie\u00dfen die Standh\u00f6he kontrollieren.<\/span><\/p>\n","protected":false},"excerpt":{"rendered":"<p>Was versteht man darunter? Unter Standh\u00f6he versteht man den Abstand der Sehne zum Bogen. Man macht eine Faust und legt diese an die Innenseite des Handgriffes. Den Daumen streckt man dabei nach oben weg. Nun sollte der Daumen die Sehne ber\u00fchren. Die richtige Standh\u00f6he des Bogens ist nicht nur f\u00fcr die Lebensdauer des Bogens von &hellip; <a href=\"https:\/\/alt.jbc-hasselfelde.de\/?page_id=309\" class=\"more-link\"><span class=\"screen-reader-text\">Standh\u00f6he des Bogens<\/span> weiterlesen <span class=\"meta-nav\">&rarr;<\/span><\/a><\/p>\n","protected":false},"author":2,"featured_media":0,"parent":0,"menu_order":0,"comment_status":"closed","ping_status":"closed","template":"","meta":{"footnotes":""},"class_list":["post-309","page","type-page","status-publish","hentry"],"_links":{"self":[{"href":"https:\/\/alt.jbc-hasselfelde.de\/index.php?rest_route=\/wp\/v2\/pages\/309","targetHints":{"allow":["GET"]}}],"collection":[{"href":"https:\/\/alt.jbc-hasselfelde.de\/index.php?rest_route=\/wp\/v2\/pages"}],"about":[{"href":"https:\/\/alt.jbc-hasselfelde.de\/index.php?rest_route=\/wp\/v2\/types\/page"}],"author":[{"embeddable":true,"href":"https:\/\/alt.jbc-hasselfelde.de\/index.php?rest_route=\/wp\/v2\/users\/2"}],"replies":[{"embeddable":true,"href":"https:\/\/alt.jbc-hasselfelde.de\/index.php?rest_route=%2Fwp%2Fv2%2Fcomments&post=309"}],"version-history":[{"count":0,"href":"https:\/\/alt.jbc-hasselfelde.de\/index.php?rest_route=\/wp\/v2\/pages\/309\/revisions"}],"wp:attachment":[{"href":"https:\/\/alt.jbc-hasselfelde.de\/index.php?rest_route=%2Fwp%2Fv2%2Fmedia&parent=309"}],"curies":[{"name":"wp","href":"https:\/\/api.w.org\/{rel}","templated":true}]}}