{"id":296,"date":"2016-10-29T15:35:19","date_gmt":"2016-10-29T13:35:19","guid":{"rendered":"http:\/\/alt.jbc-hasselfelde.de\/?page_id=296"},"modified":"2022-11-24T17:04:49","modified_gmt":"2022-11-24T16:04:49","slug":"bogensport","status":"publish","type":"page","link":"https:\/\/alt.jbc-hasselfelde.de\/?page_id=296","title":{"rendered":"Bogensport"},"content":{"rendered":"<p><span style=\"font-family: times new roman,times,serif;\">Als traditioneller Bogenverein haben wir das intuitives Bogenschie\u00dfen zu unserer Grundlage gemacht. Intuitiv bedeutet f\u00fcr uns, dass wir ohne Zielvorrichtung schie\u00dfen. Das absch\u00e4tzen der Entfernung zum Ziel, die richtige Schusstechnik und die Bogenhandhabung wird so lange ge\u00fcbt, bis jeder Schuss in sein Ziel gelangt.<\/span><\/p>\n<p><span style=\"font-family: times new roman,times,serif;\">Auf dieser Seite findet Ihr eine f\u00fclle an Informationen \u00fcber das Bogenschie\u00dfen. Wer es aber einfach nur einmal probieren kann, der kann sich bei unserem <span style=\"color: #339966;\"><a href=\"https:\/\/alt.jbc-hasselfelde.de\/?page_id=244\">Gastsch\u00fctzenbetreuer<\/a><\/span>\u00a0anmelden.<\/span><\/p>\n","protected":false},"excerpt":{"rendered":"<p>Als traditioneller Bogenverein haben wir das intuitives Bogenschie\u00dfen zu unserer Grundlage gemacht. Intuitiv bedeutet f\u00fcr uns, dass wir ohne Zielvorrichtung schie\u00dfen. Das absch\u00e4tzen der Entfernung zum Ziel, die richtige Schusstechnik und die Bogenhandhabung wird so lange ge\u00fcbt, bis jeder Schuss in sein Ziel gelangt. Auf dieser Seite findet Ihr eine f\u00fclle an Informationen \u00fcber das &hellip; <a href=\"https:\/\/alt.jbc-hasselfelde.de\/?page_id=296\" class=\"more-link\"><span class=\"screen-reader-text\">Bogensport<\/span> weiterlesen <span class=\"meta-nav\">&rarr;<\/span><\/a><\/p>\n","protected":false},"author":2,"featured_media":0,"parent":0,"menu_order":0,"comment_status":"closed","ping_status":"closed","template":"","meta":{"footnotes":""},"class_list":["post-296","page","type-page","status-publish","hentry"],"_links":{"self":[{"href":"https:\/\/alt.jbc-hasselfelde.de\/index.php?rest_route=\/wp\/v2\/pages\/296","targetHints":{"allow":["GET"]}}],"collection":[{"href":"https:\/\/alt.jbc-hasselfelde.de\/index.php?rest_route=\/wp\/v2\/pages"}],"about":[{"href":"https:\/\/alt.jbc-hasselfelde.de\/index.php?rest_route=\/wp\/v2\/types\/page"}],"author":[{"embeddable":true,"href":"https:\/\/alt.jbc-hasselfelde.de\/index.php?rest_route=\/wp\/v2\/users\/2"}],"replies":[{"embeddable":true,"href":"https:\/\/alt.jbc-hasselfelde.de\/index.php?rest_route=%2Fwp%2Fv2%2Fcomments&post=296"}],"version-history":[{"count":1,"href":"https:\/\/alt.jbc-hasselfelde.de\/index.php?rest_route=\/wp\/v2\/pages\/296\/revisions"}],"predecessor-version":[{"id":1817,"href":"https:\/\/alt.jbc-hasselfelde.de\/index.php?rest_route=\/wp\/v2\/pages\/296\/revisions\/1817"}],"wp:attachment":[{"href":"https:\/\/alt.jbc-hasselfelde.de\/index.php?rest_route=%2Fwp%2Fv2%2Fmedia&parent=296"}],"curies":[{"name":"wp","href":"https:\/\/api.w.org\/{rel}","templated":true}]}}