{"id":28,"date":"2016-10-24T14:39:23","date_gmt":"2016-10-24T12:39:23","guid":{"rendered":"http:\/\/alt.jbc-hasselfelde.de\/?page_id=28"},"modified":"2026-02-04T19:19:18","modified_gmt":"2026-02-04T18:19:18","slug":"schiess-und-platzornung","status":"publish","type":"page","link":"https:\/\/alt.jbc-hasselfelde.de\/?page_id=28","title":{"rendered":"Schie\u00df- und Platzordnung"},"content":{"rendered":"<p>Schie\u00df- und Platzordnung des JBC-Hasselfelde e.V.<\/p>\n<p>\u00a7 1<\/p>\n<p>Alle Vereinsmitglieder und Gastsch\u00fctzen haben sich auf dem Vereinsgel\u00e4nde so zu verhalten, dass die Natur und das Vereinseigentum geschont und Personen nicht gef\u00e4hrdet werden. Die Benutzung geschieht auf eigene Gefahr. Jeder Sch\u00fctze haftet pers\u00f6nlich f\u00fcr eventuelle Sch\u00e4den.<\/p>\n<p>\u00a7 2<\/p>\n<p>Wegen erh\u00f6hter Unfallgefahr m\u00fcssen die Sch\u00fctzen beim Schie\u00dfen auf einer Linie stehen und d\u00fcrfen nicht hintereinander versetzt schie\u00dfen.<\/p>\n<p>\u00a7 3<\/p>\n<p>Ziele des Parcours d\u00fcrfen nur beschossen werden, wenn sie vollst\u00e4ndig einsehbar sind und sich keine Personen im Bereich der Schussbahn befinden.<\/p>\n<p>\u00a7 4<\/p>\n<p>Schie\u00dfen mehrere Sch\u00fctzen auf dieselbe Einschussscheibe, sollen maximal sechs Pfeile pro Sch\u00fctze und Passe geschossen werden, um Besch\u00e4digungen der Pfeile und eine gegenseitige Behinderung der<br \/>\nTrainierenden zu vermeiden.<\/p>\n<p>\u00a7 5<\/p>\n<p>Das Schie\u00dfen auf plastische Tiere soll Turnierbedingungen entsprechen, d.h. es d\u00fcrfen pro Tier maximal drei Pfeile geschossen werden. Dies dient der Schonung und Haltbarkeit der Ziele.<\/p>\n<p>\u00a7 6<\/p>\n<p>Das Schie\u00dfen soll mit mediterranem Ablass erfolgen. Andere Ablassarten dem Bogen entsprechend, z.B. Reiterbogen mit Daumenring oder das Abgreifen beim Recurvebogen, sind erlaubt.<\/p>\n<p>\u00a7 7<\/p>\n<p>Das Schie\u00dfen mit Compoundb\u00f6gen, Klingen, Jagdspitzen oder Blunten ist verboten.<\/p>\n<p>\u00a7 8<\/p>\n<p>Es sollen Holzpfeile geschossen werden, andere Pfeilmaterialien sind aber erlaubt. Carbonpfeile jedochnur dann, wenn sie neuerer Bauart sind und splitterfrei brechen. Alle Pfeilreste, besonders die von Carbonpfeilen, sind sorgf\u00e4ltig aus dem Gel\u00e4nde zu entfernen.<\/p>\n<p>\u00a7 9<\/p>\n<p>Das Schie\u00dfen unter Alkohol- oder Drogeneinfluss ist verboten. Bei Verst\u00f6\u00dfen kann der Vorstand Mahnungen aussprechen bzw. bei Gastsch\u00fctzen ein Platzverbot erteilen. Bei groben Verst\u00f6\u00dfen kann das Mitglied aus dem Verein ausgeschlossen werden.<\/p>\n<p>\u00a7 10<\/p>\n<p>Jedes Mitglied bzw. jeder Gastsch\u00fctze hat seinen Abfall selbst\u00e4ndig vom Vereinsgel\u00e4nde zu entfernen.<\/p>\n<p>\u00a7 11<\/p>\n<p>Kinder und Jugendliche d\u00fcrfen nur unter Aufsicht schie\u00dfen, im Parcours nur in Begleitung einesErwachsenen. Aufsicht kann jeder vollj\u00e4hrige und erfahrene Bogensch\u00fctz des Vereins sein.<\/p>\n<p>\u00a7 12<\/p>\n<p>Gastsch\u00fctzen d\u00fcrfen den Parcours nur in Begleitung eines Vereinsmitgliedes nutzen. Sie haben pro Tag 10 EUR (Jugendliche bis 14 Jahre 7,50\u00a0 EUR) Scheibengeld zu entrichten, wenn sie eine eigene Ausr\u00fcstung benutzen bzw. wenn die Ausr\u00fcstung vom Verein gestellt wird 15 \u20ac und wie die Vereinsmitglieder die vorgenannten Punkte einzuhalten.&#8220;<\/p>\n<p>Der Vorstand, 1. Februar 2025<\/p>\n<p>&nbsp;<\/p>\n","protected":false},"excerpt":{"rendered":"<p>Schie\u00df- und Platzordnung des JBC-Hasselfelde e.V. \u00a7 1 Alle Vereinsmitglieder und Gastsch\u00fctzen haben sich auf dem Vereinsgel\u00e4nde so zu verhalten, dass die Natur und das Vereinseigentum geschont und Personen nicht gef\u00e4hrdet werden. Die Benutzung geschieht auf eigene Gefahr. Jeder Sch\u00fctze haftet pers\u00f6nlich f\u00fcr eventuelle Sch\u00e4den. \u00a7 2 Wegen erh\u00f6hter Unfallgefahr m\u00fcssen die Sch\u00fctzen beim Schie\u00dfen &hellip; <a href=\"https:\/\/alt.jbc-hasselfelde.de\/?page_id=28\" class=\"more-link\"><span class=\"screen-reader-text\">Schie\u00df- und Platzordnung<\/span> weiterlesen <span class=\"meta-nav\">&rarr;<\/span><\/a><\/p>\n","protected":false},"author":2,"featured_media":0,"parent":0,"menu_order":0,"comment_status":"closed","ping_status":"closed","template":"","meta":{"footnotes":""},"class_list":["post-28","page","type-page","status-publish","hentry"],"_links":{"self":[{"href":"https:\/\/alt.jbc-hasselfelde.de\/index.php?rest_route=\/wp\/v2\/pages\/28","targetHints":{"allow":["GET"]}}],"collection":[{"href":"https:\/\/alt.jbc-hasselfelde.de\/index.php?rest_route=\/wp\/v2\/pages"}],"about":[{"href":"https:\/\/alt.jbc-hasselfelde.de\/index.php?rest_route=\/wp\/v2\/types\/page"}],"author":[{"embeddable":true,"href":"https:\/\/alt.jbc-hasselfelde.de\/index.php?rest_route=\/wp\/v2\/users\/2"}],"replies":[{"embeddable":true,"href":"https:\/\/alt.jbc-hasselfelde.de\/index.php?rest_route=%2Fwp%2Fv2%2Fcomments&post=28"}],"version-history":[{"count":12,"href":"https:\/\/alt.jbc-hasselfelde.de\/index.php?rest_route=\/wp\/v2\/pages\/28\/revisions"}],"predecessor-version":[{"id":2063,"href":"https:\/\/alt.jbc-hasselfelde.de\/index.php?rest_route=\/wp\/v2\/pages\/28\/revisions\/2063"}],"wp:attachment":[{"href":"https:\/\/alt.jbc-hasselfelde.de\/index.php?rest_route=%2Fwp%2Fv2%2Fmedia&parent=28"}],"curies":[{"name":"wp","href":"https:\/\/api.w.org\/{rel}","templated":true}]}}