{"id":25,"date":"2016-10-24T14:38:06","date_gmt":"2016-10-24T12:38:06","guid":{"rendered":"http:\/\/alt.jbc-hasselfelde.de\/?page_id=25"},"modified":"2018-10-23T21:13:25","modified_gmt":"2018-10-23T19:13:25","slug":"beitragsordnung","status":"publish","type":"page","link":"https:\/\/alt.jbc-hasselfelde.de\/?page_id=25","title":{"rendered":"Beitragsordnung"},"content":{"rendered":"<p><span style=\"font-size: 14pt; font-family: arial,helvetica,sans-serif;\"><strong>Mitgliederspezifizierung<\/strong><\/span><\/p>\n<p><strong>\u00a0Beitragsklasse 1: Aktive Mitglieder und inaktive Mitglieder ( 18 Jahre und \u00e4lter )<\/strong><\/p>\n<p><strong>Beitragsklasse 2: Jugendliche ( 13. bis Vollendung des 18. Lebensjahres )<\/strong><\/p>\n<p><strong>Beitragsklasse 3: Kinder ( bis Vollendung des 13. Lebensjahres )<\/strong><\/p>\n<p><strong>Beitragsklasse 4: Familien ( Ehepaare (oder gleichgestellte\u00a0\u00a0 Lebensgemeinschaften) und deren Kind oder Jugendlicherbis zur Vollendung des 18. Lebensjahres, die in ein Haushalt zusammen wohnen. Jedes weitere Kind plus 1,00 jeder weitere Jugendliche plus 2,00 \u20ac).<\/strong><\/p>\n<p><span style=\"font-size: 14pt;\"><strong>Aufnahmegeb\u00fchr <\/strong><strong>ab 01.01.2014<\/strong><\/span><\/p>\n<p><strong> Beitragsklasse 1 \/ 40,00 \u20ac<br \/>\nBeitragsklasse 2 \/ 20,00 \u20ac<br \/>\nBeitragsklasse 3 \/ 11,00 \u20ac<br \/>\nBeitragsklasse 4 \/ 80,00 \u20ac<\/strong><\/p>\n<p><strong>\u00a0Die Aufnahmegeb\u00fchr ist einmalig zu entrichten. Wir bitten um \u00dcberweisung auf das Konto des JBC-Hasselfelde e.V. oder um Barzahlung beim Kassenwart.<\/strong><\/p>\n<p><span style=\"font-size: 14pt;\"><strong>Beitr\u00e4ge <\/strong><\/span><strong><span style=\"font-size: 14pt;\">Ab 01.01.2014<\/span><br \/>\n<\/strong><\/p>\n<p><strong>Beitragsklasse 1\u00a0 \/ 10,00 \u20ac<br \/>\nBeitragsklasse 2 \/ 6,50 \u20ac<br \/>\nBeitragsklasse 3 \/ 3,00 \u20ac<br \/>\nBeitragsklasse 4 \/ 22,00 \u20ac +<\/strong><\/p>\n<p><strong>\u00a0Den Monatsbeitrag bitte auf das Konto des JBC-Hasselfelde e.V. \u00fcberweisen oder in bar beim Kassenwart zahlen. Der Beitrag ist \u00bc j\u00e4hrlich, \u00bd j\u00e4hrlich oder j\u00e4hrlich im Voraus zu entrichten! Die Mitglieder haben f\u00fcr die ordnungsgem\u00e4\u00dfe Einordnung in die Beitragsklassen Sorge zu tragen;<br \/>\nfalls dies nicht passiert, wird es mit einer Abmahnung geahndet.<\/strong><\/p>\n<p><strong>\u00a0G\u00fcltig ab 01.01.2014<\/strong><\/p>\n<p><span style=\"font-family: arial,helvetica,sans-serif; font-size: 14pt; color: #008000;\"><a style=\"color: #008000;\" href=\"https:\/\/alt.jbc-hasselfelde.de\/wp-content\/dokumente\/beitragsordnung_2014.pdf\">Beitragsordnung als PDF zum Download<\/a><\/span><\/p>\n","protected":false},"excerpt":{"rendered":"<p>Mitgliederspezifizierung \u00a0Beitragsklasse 1: Aktive Mitglieder und inaktive Mitglieder ( 18 Jahre und \u00e4lter ) Beitragsklasse 2: Jugendliche ( 13. bis Vollendung des 18. Lebensjahres ) Beitragsklasse 3: Kinder ( bis Vollendung des 13. Lebensjahres ) Beitragsklasse 4: Familien ( Ehepaare (oder gleichgestellte\u00a0\u00a0 Lebensgemeinschaften) und deren Kind oder Jugendlicherbis zur Vollendung des 18. Lebensjahres, die in &hellip; <a href=\"https:\/\/alt.jbc-hasselfelde.de\/?page_id=25\" class=\"more-link\"><span class=\"screen-reader-text\">Beitragsordnung<\/span> weiterlesen <span class=\"meta-nav\">&rarr;<\/span><\/a><\/p>\n","protected":false},"author":2,"featured_media":0,"parent":0,"menu_order":0,"comment_status":"closed","ping_status":"closed","template":"","meta":{"footnotes":""},"class_list":["post-25","page","type-page","status-publish","hentry"],"_links":{"self":[{"href":"https:\/\/alt.jbc-hasselfelde.de\/index.php?rest_route=\/wp\/v2\/pages\/25","targetHints":{"allow":["GET"]}}],"collection":[{"href":"https:\/\/alt.jbc-hasselfelde.de\/index.php?rest_route=\/wp\/v2\/pages"}],"about":[{"href":"https:\/\/alt.jbc-hasselfelde.de\/index.php?rest_route=\/wp\/v2\/types\/page"}],"author":[{"embeddable":true,"href":"https:\/\/alt.jbc-hasselfelde.de\/index.php?rest_route=\/wp\/v2\/users\/2"}],"replies":[{"embeddable":true,"href":"https:\/\/alt.jbc-hasselfelde.de\/index.php?rest_route=%2Fwp%2Fv2%2Fcomments&post=25"}],"version-history":[{"count":1,"href":"https:\/\/alt.jbc-hasselfelde.de\/index.php?rest_route=\/wp\/v2\/pages\/25\/revisions"}],"predecessor-version":[{"id":1381,"href":"https:\/\/alt.jbc-hasselfelde.de\/index.php?rest_route=\/wp\/v2\/pages\/25\/revisions\/1381"}],"wp:attachment":[{"href":"https:\/\/alt.jbc-hasselfelde.de\/index.php?rest_route=%2Fwp%2Fv2%2Fmedia&parent=25"}],"curies":[{"name":"wp","href":"https:\/\/api.w.org\/{rel}","templated":true}]}}