{"id":244,"date":"2016-10-27T14:24:34","date_gmt":"2016-10-27T12:24:34","guid":{"rendered":"http:\/\/alt.jbc-hasselfelde.de\/?page_id=244"},"modified":"2026-02-04T21:46:26","modified_gmt":"2026-02-04T20:46:26","slug":"training","status":"publish","type":"page","link":"https:\/\/alt.jbc-hasselfelde.de\/?page_id=244","title":{"rendered":"Gastsch\u00fctzen"},"content":{"rendered":"<h4><span style=\"font-family: arial, helvetica, sans-serif; font-size: 14pt;\">Das Probetraining f\u00fcr Neulinge findet nach Anmeldung\/Absprache statt. Wir stellen uns und unsere vereinseigene Ausr\u00fcstung gern zur Verf\u00fcgung, um Interessierten einen Einblick ins traditionelle Bogenschie\u00dfen zu erm\u00f6glichen. Jeder, der allein den Bogen halten und den Pfeil aufnocken kann, kann auch Bogenschie\u00dfen. Du kannst mit uns gerne einen Termin vereinbaren.<\/span><\/h4>\n<p><strong><span style=\"font-family: arial,helvetica,sans-serif; font-size: 14pt;\">Gastsch\u00fctzen mit eigener Ausr\u00fcstung zahlen 10 Euro, ohne eigene Ausr\u00fcstung kostet das Probetraining 15 Euro. Kinder bis 14 Jahre zahlen (mit und ohne eigene Ausr\u00fcstung) 7,50 Euro.<br \/>\nZus\u00e4tzlich erm\u00f6glichen wir auf Anfrage Bogenschie\u00df-Training f\u00fcr Kindergeburstage, Firmen oder Gruppen &#8211; auch ohne eigene Ausr\u00fcstung. Hierf\u00fcr berechnen wir pro Person 20<\/span><\/strong><strong><span style=\"font-family: arial,helvetica,sans-serif; font-size: 14pt;\"> Euro. Weitere Details auf Anfrage.<\/span><\/strong><\/p>\n<p>&nbsp;<\/p>\n<h6><span style=\"font-family: arial, helvetica, sans-serif; font-size: 14pt;\"> Minderj\u00e4hrige allein k\u00f6nnen nur teilnehmen, wenn wir zuvor das schriftliche Einverst\u00e4ndnis des Erziehungsberechtigen vorliegen haben (Vordrucke vorhanden)!<\/span><\/h6>\n<h6><span style=\"font-family: arial, helvetica, sans-serif; font-size: 14pt;\"> Bei Fragen und Infos\u00a0 E-Mail:<br \/>\n<span style=\"color: #008000;\"><strong><a style=\"color: #008000;\" href=\"mailto:gastschuetze@jbc-hasselfelde.de?Subject=Gastschuetze%20JBC\">gastschuetze@jbc-hasselfelde.de<\/a><\/strong><\/span><\/span><\/h6>\n<h6><span style=\"font-family: arial, helvetica, sans-serif; font-size: 14pt;\"><u>Pacourbenutzung f\u00fcr Gastsch\u00fctzen<\/u><\/span><br \/>\n<span style=\"font-family: arial, helvetica, sans-serif; font-size: 14pt;\"> Gastsch\u00fctzen k\u00f6nnen nach Anmeldung\/Absprache auf unserem Gel\u00e4nde den Parcour benutzen. <\/span><br \/>\n<span style=\"font-family: arial, helvetica, sans-serif; font-size: 14pt;\"> Bei Interesse schickt eine E-Mail:<br \/>\n<span style=\"color: #008000;\"><strong><a style=\"color: #008000;\" href=\"mailto:gastschuetze@jbc-hasselfelde.de?Subject=Gastschuetze%20JBC\">gastschuetze@jbc-hasselfelde.de<\/a><\/strong><\/span><\/span><\/h6>\n<h6><span style=\"font-size: 14pt; font-family: arial, helvetica, sans-serif;\"><u>Training im Verein<\/u><\/span><br \/>\n<span style=\"font-size: 14pt; font-family: arial, helvetica, sans-serif;\"> Training findet bei uns im Verein mehr oder weniger individuell statt. Das hei\u00dft, dass es keine festen Trainingszeiten mit Trainer gibt. Jedem steht es frei zu trainieren, wann immer er Lust und Zeit dazu hat. Das ist einer der gro\u00dfen Vorteile des Bogenschie\u00dfens. Nat\u00fcrlich schiesst nicht jedes Vereinsmitglied einfach alleine vor sich hin, man trifft sich nach Absprache oder auch zuf\u00e4llig zu einer gemeinsamen Runde durch den Parcours. Am Samstag Vormittag ist die Chance sehr gross, ein aktives Vereinsmitglied anzutreffen. <\/span><\/h6>\n<h6><span style=\"font-family: arial, helvetica, sans-serif; font-size: 14pt;\"> Training f\u00fcr Minderj\u00e4hrige findet gunds\u00e4tzlich nur nach Anmeldung\/Absprache statt.<\/span><\/h6>\n<h6><span style=\"color: #339966; font-family: arial, helvetica, sans-serif; font-size: 14pt;\">\u00a0<\/span><\/h6>\n","protected":false},"excerpt":{"rendered":"<p>Das Probetraining f\u00fcr Neulinge findet nach Anmeldung\/Absprache statt. Wir stellen uns und unsere vereinseigene Ausr\u00fcstung gern zur Verf\u00fcgung, um Interessierten einen Einblick ins traditionelle Bogenschie\u00dfen zu erm\u00f6glichen. Jeder, der allein den Bogen halten und den Pfeil aufnocken kann, kann auch Bogenschie\u00dfen. Du kannst mit uns gerne einen Termin vereinbaren. Gastsch\u00fctzen mit eigener Ausr\u00fcstung zahlen 10 &hellip; <a href=\"https:\/\/alt.jbc-hasselfelde.de\/?page_id=244\" class=\"more-link\"><span class=\"screen-reader-text\">Gastsch\u00fctzen<\/span> weiterlesen <span class=\"meta-nav\">&rarr;<\/span><\/a><\/p>\n","protected":false},"author":2,"featured_media":0,"parent":0,"menu_order":0,"comment_status":"closed","ping_status":"closed","template":"","meta":{"footnotes":""},"class_list":["post-244","page","type-page","status-publish","hentry"],"_links":{"self":[{"href":"https:\/\/alt.jbc-hasselfelde.de\/index.php?rest_route=\/wp\/v2\/pages\/244","targetHints":{"allow":["GET"]}}],"collection":[{"href":"https:\/\/alt.jbc-hasselfelde.de\/index.php?rest_route=\/wp\/v2\/pages"}],"about":[{"href":"https:\/\/alt.jbc-hasselfelde.de\/index.php?rest_route=\/wp\/v2\/types\/page"}],"author":[{"embeddable":true,"href":"https:\/\/alt.jbc-hasselfelde.de\/index.php?rest_route=\/wp\/v2\/users\/2"}],"replies":[{"embeddable":true,"href":"https:\/\/alt.jbc-hasselfelde.de\/index.php?rest_route=%2Fwp%2Fv2%2Fcomments&post=244"}],"version-history":[{"count":8,"href":"https:\/\/alt.jbc-hasselfelde.de\/index.php?rest_route=\/wp\/v2\/pages\/244\/revisions"}],"predecessor-version":[{"id":2067,"href":"https:\/\/alt.jbc-hasselfelde.de\/index.php?rest_route=\/wp\/v2\/pages\/244\/revisions\/2067"}],"wp:attachment":[{"href":"https:\/\/alt.jbc-hasselfelde.de\/index.php?rest_route=%2Fwp%2Fv2%2Fmedia&parent=244"}],"curies":[{"name":"wp","href":"https:\/\/api.w.org\/{rel}","templated":true}]}}