{"id":18,"date":"2016-10-24T14:30:47","date_gmt":"2016-10-24T12:30:47","guid":{"rendered":"http:\/\/alt.jbc-hasselfelde.de\/?page_id=18"},"modified":"2017-11-04T11:10:27","modified_gmt":"2017-11-04T10:10:27","slug":"der-verein","status":"publish","type":"page","link":"https:\/\/alt.jbc-hasselfelde.de\/?page_id=18","title":{"rendered":"Der Verein"},"content":{"rendered":"<p><span style=\"font-size: 14pt;\"><strong><span style=\"font-family: arial,helvetica,sans-serif;\">Der Verein wurde 1995 gegr\u00fcndet. Die Idee dabei war, einen Verein zu gr\u00fcnden, der sich dem sogenanntem instinktiven Bogenschie\u00dfen widmet. Das hat zur Folge, dass in unserem Verein alle Sch\u00fctzen zugelassen sind, die einen Bogen ohne Zielhilfen benutzen und weder String- noch Facewalking anwenden.<\/span><\/strong><\/span><br \/>\n<span style=\"font-size: 14pt;\"> <strong><span style=\"font-family: arial,helvetica,sans-serif;\"> Dieses bewusste Ausschliessen der \u00fcbrigen Bogenklassen hat seinen Ursprung in den jahrelangen Erfahrungen, die die Gr\u00fcndungsmitglieder auf Turnieren und in anderen Vereinen gesammelt hatten. Diese Erfahrungen zeigen, dass es sich anscheinend um zwei total verschiedene Sportarten bzw. Weltanschauungen handelt, was nur zu unn\u00f6tigen Streitereien f\u00fchrt.<\/span><\/strong><\/span><br \/>\n<span style=\"font-size: 14pt;\"> <strong><span style=\"font-family: arial,helvetica,sans-serif;\"> Wir weisen allerdings darauf hin, dass wir prinzipiell nichts gegen System-, Visier- und\/oder FITA-Sch\u00fctzen haben. Eigentlich ist es traurig, dass sich die beiden Lager im allgemeinen nicht besonders gut verstehen.<\/span><\/strong><\/span><\/p>\n<p><span style=\"font-size: 14pt;\"><strong><span style=\"font-family: arial,helvetica,sans-serif;\"> Zur Zeit sind bei uns nur 3 Bogenklassen vertreten:<\/span><\/strong><\/span><\/p>\n<ul>\n<li><span style=\"font-size: 14pt;\"><strong><span style=\"font-family: arial,helvetica,sans-serif;\">Traditionelle Langbogen, also reine Holzbogen<\/span><\/strong><\/span><\/li>\n<li><span style=\"font-size: 14pt;\"><strong><span style=\"font-family: arial,helvetica,sans-serif;\">Langbogen<\/span><\/strong><\/span><\/li>\n<li><span style=\"font-size: 14pt;\"><strong><span style=\"font-family: arial,helvetica,sans-serif;\">Jagdrecurve<\/span><\/strong><\/span><\/li>\n<\/ul>\n<p><span style=\"font-size: 14pt;\"><strong><span style=\"font-family: arial,helvetica,sans-serif;\"> Geschossen wird bei uns einerseits auf Scheiben aus Stramid (gepresstes Stroh) bzw. Ethafoam (gesch\u00e4umter Kunststoff). Als Auflage dienen entweder Tierbilder oder Zielscheiben mit Kreisen (FITA\/Feld). Sie dienen uns als Trainings- bzw. Einschiessscheiben. Im Parcours stehen dann plastische Tiere und Silhouetten. Aus den Zielen wird schon ersichtlich, dass sich unser Verein \u00fcberwiegend dem jagdlichen Schie\u00dfen widmet. Das gilt auch f\u00fcr die Schussentfernungen. Kein anst\u00e4ndiger Bogenj\u00e4ger w\u00fcrde bei einer echten Jagd z.B. auf einen Elchbullen aus 60m Entfernung mit dem Langbogen schie\u00dfen.<\/span><\/strong><\/span><br \/>\n<span style=\"font-size: 14pt;\"> <strong><span style=\"font-family: arial,helvetica,sans-serif;\"> Jagdliches Schie\u00dfen deshalb, weil der Bogen urspr\u00fcnglich zur Jagd genutzt wurde und nicht etwa weil wir insgeheim blutr\u00fcnstige Tierqu\u00e4ler sind.<\/span><\/strong><\/span><\/p>\n<div id='Widgets_in_Seite_links' class='widgets_on_page wop_tiny1  wop_small1  wop_medium1  wop_large1  wop_wide1'>\n\t\t\t<ul><!-- ERROR NO TURBO SIDEBAR FOUND WITH ID Widgets in Seite links--><\/ul><\/div><!-- widgets_on_page -->\n<div id='Widgets_in_Seite_rechts' class='widgets_on_page wop_tiny1  wop_small1  wop_medium1  wop_large1  wop_wide1'>\n\t\t\t<ul><!-- ERROR NO TURBO SIDEBAR FOUND WITH ID Widgets in Seite rechts--><\/ul><\/div><!-- widgets_on_page -->\n","protected":false},"excerpt":{"rendered":"<p>Der Verein wurde 1995 gegr\u00fcndet. Die Idee dabei war, einen Verein zu gr\u00fcnden, der sich dem sogenanntem instinktiven Bogenschie\u00dfen widmet. Das hat zur Folge, dass in unserem Verein alle Sch\u00fctzen zugelassen sind, die einen Bogen ohne Zielhilfen benutzen und weder String- noch Facewalking anwenden. Dieses bewusste Ausschliessen der \u00fcbrigen Bogenklassen hat seinen Ursprung in den &hellip; <a href=\"https:\/\/alt.jbc-hasselfelde.de\/?page_id=18\" class=\"more-link\"><span class=\"screen-reader-text\">Der Verein<\/span> weiterlesen <span class=\"meta-nav\">&rarr;<\/span><\/a><\/p>\n","protected":false},"author":2,"featured_media":0,"parent":0,"menu_order":0,"comment_status":"closed","ping_status":"closed","template":"","meta":{"footnotes":""},"class_list":["post-18","page","type-page","status-publish","hentry"],"_links":{"self":[{"href":"https:\/\/alt.jbc-hasselfelde.de\/index.php?rest_route=\/wp\/v2\/pages\/18","targetHints":{"allow":["GET"]}}],"collection":[{"href":"https:\/\/alt.jbc-hasselfelde.de\/index.php?rest_route=\/wp\/v2\/pages"}],"about":[{"href":"https:\/\/alt.jbc-hasselfelde.de\/index.php?rest_route=\/wp\/v2\/types\/page"}],"author":[{"embeddable":true,"href":"https:\/\/alt.jbc-hasselfelde.de\/index.php?rest_route=\/wp\/v2\/users\/2"}],"replies":[{"embeddable":true,"href":"https:\/\/alt.jbc-hasselfelde.de\/index.php?rest_route=%2Fwp%2Fv2%2Fcomments&post=18"}],"version-history":[{"count":0,"href":"https:\/\/alt.jbc-hasselfelde.de\/index.php?rest_route=\/wp\/v2\/pages\/18\/revisions"}],"wp:attachment":[{"href":"https:\/\/alt.jbc-hasselfelde.de\/index.php?rest_route=%2Fwp%2Fv2%2Fmedia&parent=18"}],"curies":[{"name":"wp","href":"https:\/\/api.w.org\/{rel}","templated":true}]}}